{"id":113,"date":"2020-10-02T12:40:12","date_gmt":"2020-10-02T12:40:12","guid":{"rendered":"http:\/\/listeo.staging.wpengine.com\/?page_id=5026"},"modified":"2020-10-02T12:40:12","modified_gmt":"2020-10-02T12:40:12","slug":"coupons","status":"publish","type":"page","link":"https:\/\/onde.al\/sq\/coupons\/","title":{"rendered":"Coupons"},"content":{"rendered":"Duhet t\u00eb jeni t\u00eb ky\u00e7ur p\u00ebr t\u00eb menaxhuar kupon\u00ebt tuaj.","protected":false},"excerpt":{"rendered":"","protected":false},"author":1,"featured_media":0,"parent":0,"menu_order":0,"comment_status":"closed","ping_status":"closed","template":"template-dashboard.php","meta":{"footnotes":""},"class_list":["post-113","page","type-page","status-publish","hentry"],"_links":{"self":[{"href":"https:\/\/onde.al\/sq\/wp-json\/wp\/v2\/pages\/113","targetHints":{"allow":["GET"]}}],"collection":[{"href":"https:\/\/onde.al\/sq\/wp-json\/wp\/v2\/pages"}],"about":[{"href":"https:\/\/onde.al\/sq\/wp-json\/wp\/v2\/types\/page"}],"author":[{"embeddable":true,"href":"https:\/\/onde.al\/sq\/wp-json\/wp\/v2\/users\/1"}],"replies":[{"embeddable":true,"href":"https:\/\/onde.al\/sq\/wp-json\/wp\/v2\/comments?post=113"}],"version-history":[{"count":0,"href":"https:\/\/onde.al\/sq\/wp-json\/wp\/v2\/pages\/113\/revisions"}],"wp:attachment":[{"href":"https:\/\/onde.al\/sq\/wp-json\/wp\/v2\/media?parent=113"}],"curies":[{"name":"wp","href":"https:\/\/api.w.org\/{rel}","templated":true}]}}