{"id":95,"date":"2024-10-04T21:47:47","date_gmt":"2024-10-04T21:47:47","guid":{"rendered":"https:\/\/wordpress-722045-2402992.cloudwaysapps.com\/?page_id=785"},"modified":"2024-10-04T21:47:47","modified_gmt":"2024-10-04T21:47:47","slug":"ad-manager","status":"publish","type":"page","link":"https:\/\/onde.al\/sq\/ad-manager\/","title":{"rendered":"Ad Manager"},"content":{"rendered":"Duhet t\u00eb jeni t\u00eb identifikuar p\u00ebr t\u00eb menaxhuar reklamate tuaja.","protected":false},"excerpt":{"rendered":"","protected":false},"author":1,"featured_media":0,"parent":0,"menu_order":0,"comment_status":"closed","ping_status":"closed","template":"template-dashboard.php","meta":{"footnotes":""},"class_list":["post-95","page","type-page","status-publish","hentry"],"_links":{"self":[{"href":"https:\/\/onde.al\/sq\/wp-json\/wp\/v2\/pages\/95","targetHints":{"allow":["GET"]}}],"collection":[{"href":"https:\/\/onde.al\/sq\/wp-json\/wp\/v2\/pages"}],"about":[{"href":"https:\/\/onde.al\/sq\/wp-json\/wp\/v2\/types\/page"}],"author":[{"embeddable":true,"href":"https:\/\/onde.al\/sq\/wp-json\/wp\/v2\/users\/1"}],"replies":[{"embeddable":true,"href":"https:\/\/onde.al\/sq\/wp-json\/wp\/v2\/comments?post=95"}],"version-history":[{"count":0,"href":"https:\/\/onde.al\/sq\/wp-json\/wp\/v2\/pages\/95\/revisions"}],"wp:attachment":[{"href":"https:\/\/onde.al\/sq\/wp-json\/wp\/v2\/media?parent=95"}],"curies":[{"name":"wp","href":"https:\/\/api.w.org\/{rel}","templated":true}]}}