{"id":1083,"date":"2025-09-11T12:37:21","date_gmt":"2025-09-11T10:37:21","guid":{"rendered":"https:\/\/onde.al\/product\/microblanding\/"},"modified":"2025-11-03T15:45:46","modified_gmt":"2025-11-03T13:45:46","slug":"microblanding","status":"publish","type":"product","link":"https:\/\/onde.al\/sq\/product\/microblanding\/","title":{"rendered":"Microblading by Xhoi"},"content":{"rendered":"<p>Studioja jon\u00eb e microblading operon me sukses prej 5 vitesh n\u00eb treg duke ofruar standarde t\u00eb larta profesionalizmi dhe kujdesi estetik. Me nj\u00eb reputacion t\u00eb konsoliduar, mir\u00ebpresim kliente jo vet\u00ebm nga Shqip\u00ebria, por edhe nga vende t\u00eb ndryshme t\u00eb Europ\u00ebs. P\u00ebrkushtimi yn\u00eb \u00ebsht\u00eb t\u00eb ofrojm\u00eb rezultate natyrale, elegante dhe t\u00eb personalizuara p\u00ebr \u00e7do klient.<\/p>","protected":false},"excerpt":{"rendered":"<p>Studioja jon\u00eb e microblading operon me sukses prej 5 vitesh n\u00eb treg duke ofruar standarde t\u00eb larta profesionalizmi dhe kujdesi estetik. Me nj\u00eb reputacion t\u00eb konsoliduar, mir\u00ebpresim kliente jo vet\u00ebm nga Shqip\u00ebria, por edhe nga vende t\u00eb ndryshme t\u00eb Europ\u00ebs. P\u00ebrkushtimi yn\u00eb \u00ebsht\u00eb t\u00eb ofrojm\u00eb rezultate natyrale, elegante dhe t\u00eb personalizuara p\u00ebr \u00e7do klient.<\/p>","protected":false},"featured_media":0,"comment_status":"open","ping_status":"closed","template":"","meta":[],"product_brand":[],"product_cat":[20],"product_tag":[],"class_list":{"0":"post-1083","1":"product","2":"type-product","3":"status-publish","5":"product_cat-listeo-booking","7":"first","8":"instock","9":"downloadable","10":"virtual","11":"sold-individually","12":"purchasable","13":"product-type-listing_booking"},"_links":{"self":[{"href":"https:\/\/onde.al\/sq\/wp-json\/wp\/v2\/product\/1083","targetHints":{"allow":["GET"]}}],"collection":[{"href":"https:\/\/onde.al\/sq\/wp-json\/wp\/v2\/product"}],"about":[{"href":"https:\/\/onde.al\/sq\/wp-json\/wp\/v2\/types\/product"}],"replies":[{"embeddable":true,"href":"https:\/\/onde.al\/sq\/wp-json\/wp\/v2\/comments?post=1083"}],"wp:attachment":[{"href":"https:\/\/onde.al\/sq\/wp-json\/wp\/v2\/media?parent=1083"}],"wp:term":[{"taxonomy":"product_brand","embeddable":true,"href":"https:\/\/onde.al\/sq\/wp-json\/wp\/v2\/product_brand?post=1083"},{"taxonomy":"product_cat","embeddable":true,"href":"https:\/\/onde.al\/sq\/wp-json\/wp\/v2\/product_cat?post=1083"},{"taxonomy":"product_tag","embeddable":true,"href":"https:\/\/onde.al\/sq\/wp-json\/wp\/v2\/product_tag?post=1083"}],"curies":[{"name":"wp","href":"https:\/\/api.w.org\/{rel}","templated":true}]}}